{"id":37,"date":"2023-04-24T20:03:38","date_gmt":"2023-04-24T20:03:38","guid":{"rendered":"http:\/\/elektro-broz.cz\/?page_id=37"},"modified":"2023-04-26T20:49:22","modified_gmt":"2023-04-26T20:49:22","slug":"o-nas","status":"publish","type":"page","link":"http:\/\/elektro-broz.cz\/index.php\/o-nas\/","title":{"rendered":"O n\u00e1s"},"content":{"rendered":"<p>Realizujeme ve\u0161ker\u00e9 domovn\u00ed, bytov\u00e9 a pr\u016fmyslov\u00e9 elektroinstalace v obchodn\u00edch, v\u00fdrobn\u00edch, zem\u011bd\u011blsk\u00fdch a komer\u010dn\u00edch objektech, pr\u016fmyslov\u00fdch a skladovac\u00edch hal\u00e1ch.<br \/>\nR\u00e1di zajist\u00edme revizn\u00ed zpr\u00e1vu a n\u00e1sledn\u00fd servis za\u0159\u00edzen\u00ed.<br \/>\nZaji\u0161\u0165ujeme kabelov\u00e9 rozvody a kabelov\u00e9 trasy, rozvodny NN, osv\u011btlen\u00ed pr\u016fmyslov\u00fdch i administrativn\u00edch budov, ve\u0159ejn\u00e9 osv\u011btlen\u00ed, Hromosvodn\u00ed soustavy, datov\u00e1 centra a rozvody a dal\u0161\u00ed dle p\u0159\u00e1n\u00ed z\u00e1kazn\u00edka.<\/p>\n<p>\u0158e\u0161\u00edme opravy st\u00e1vaj\u00edc\u00ed elektroinstalace v bytech, domech, pr\u016fmyslov\u00fdch objektech, obchodech i cel\u00fdch bytov\u00fdch domech.<\/p>\n<p>Po dohod\u011b zajist\u00edme zednick\u00e9 pr\u00e1ce.<\/p>\n<p><strong>Posouzen\u00ed stavu a cenov\u00e1 nab\u00eddka je zdarma.<\/strong><\/p>\n<p>Pro realizaci zak\u00e1zek vyu\u017e\u00edv\u00e1me v\u00fdhradn\u011b kvalitn\u00ed certifikovan\u00e1 za\u0159\u00edzen\u00ed a komponenty evropsk\u00fdch\u00a0v\u00fdrobc\u016f.<\/p>\n","protected":false},"excerpt":{"rendered":"<p>Realizujeme ve\u0161ker\u00e9 domovn\u00ed, bytov\u00e9 a pr\u016fmyslov\u00e9 elektroinstalace v obchodn\u00edch, v\u00fdrobn\u00edch, zem\u011bd\u011blsk\u00fdch a komer\u010dn\u00edch objektech, pr\u016fmyslov\u00fdch a skladovac\u00edch hal\u00e1ch. R\u00e1di zajist\u00edme revizn\u00ed zpr\u00e1vu a n\u00e1sledn\u00fd servis za\u0159\u00edzen\u00ed. Zaji\u0161\u0165ujeme kabelov\u00e9 rozvody a kabelov\u00e9 trasy, rozvodny NN, osv\u011btlen\u00ed pr\u016fmyslov\u00fdch i administrativn\u00edch budov, ve\u0159ejn\u00e9 osv\u011btlen\u00ed, Hromosvodn\u00ed soustavy, datov\u00e1 centra a rozvody a dal\u0161\u00ed dle p\u0159\u00e1n\u00ed z\u00e1kazn\u00edka. \u0158e\u0161\u00edme opravy st\u00e1vaj\u00edc\u00ed [&hellip;]<\/p>\n","protected":false},"author":1,"featured_media":0,"parent":0,"menu_order":0,"comment_status":"closed","ping_status":"closed","template":"","meta":{"footnotes":""},"class_list":["post-37","page","type-page","status-publish","hentry"],"_links":{"self":[{"href":"http:\/\/elektro-broz.cz\/index.php\/wp-json\/wp\/v2\/pages\/37","targetHints":{"allow":["GET"]}}],"collection":[{"href":"http:\/\/elektro-broz.cz\/index.php\/wp-json\/wp\/v2\/pages"}],"about":[{"href":"http:\/\/elektro-broz.cz\/index.php\/wp-json\/wp\/v2\/types\/page"}],"author":[{"embeddable":true,"href":"http:\/\/elektro-broz.cz\/index.php\/wp-json\/wp\/v2\/users\/1"}],"replies":[{"embeddable":true,"href":"http:\/\/elektro-broz.cz\/index.php\/wp-json\/wp\/v2\/comments?post=37"}],"version-history":[{"count":3,"href":"http:\/\/elektro-broz.cz\/index.php\/wp-json\/wp\/v2\/pages\/37\/revisions"}],"predecessor-version":[{"id":59,"href":"http:\/\/elektro-broz.cz\/index.php\/wp-json\/wp\/v2\/pages\/37\/revisions\/59"}],"wp:attachment":[{"href":"http:\/\/elektro-broz.cz\/index.php\/wp-json\/wp\/v2\/media?parent=37"}],"curies":[{"name":"wp","href":"https:\/\/api.w.org\/{rel}","templated":true}]}}